{"id":79,"date":"2019-03-07T10:01:26","date_gmt":"2019-03-07T09:01:26","guid":{"rendered":"http:\/\/golf.test\/?page_id=79"},"modified":"2025-04-02T13:48:15","modified_gmt":"2025-04-02T11:48:15","slug":"partnerhotels","status":"publish","type":"page","link":"https:\/\/golfinsuedtirol.it\/de\/golfhotels\/partnerhotels\/","title":{"rendered":"Partnerhotels"},"content":{"rendered":"","protected":false},"excerpt":{"rendered":"","protected":false},"author":1,"featured_media":0,"parent":69,"menu_order":0,"comment_status":"closed","ping_status":"closed","template":"golfhotels.php","meta":[],"acf":[],"yoast_head":"<!-- This site is optimized with the Yoast SEO plugin v21.8.1 - https:\/\/yoast.com\/wordpress\/plugins\/seo\/ -->\n<title>Golfhotels in S\u00fcdtirol \u269c\ufe0f Resorts &amp; Hotels f\u00fcr S\u00fcdtirol Golfferien<\/title>\n<meta name=\"description\" content=\"S\u00fcdtirols Golfhotels entdecken \u2714\ufe0fTop-Service \u2714\ufe0fausgezeichnete K\u00fcche \u2714\ufe0fInsider-Tipps \u2714\ufe0fkostenlose Golfcard f\u00fcr exklusive Rabatte \u26f3Golfferien buchen\" \/>\n<meta name=\"robots\" content=\"index, follow, max-snippet:-1, max-image-preview:large, max-video-preview:-1\" \/>\n<link rel=\"canonical\" href=\"https:\/\/golfinsuedtirol.it\/de\/golfhotels\/partnerhotels\/\" \/>\n<meta property=\"og:locale\" content=\"de_DE\" \/>\n<meta property=\"og:type\" content=\"article\" \/>\n<meta property=\"og:title\" content=\"Golfhotels in S\u00fcdtirol \u269c\ufe0f Resorts &amp; Hotels f\u00fcr S\u00fcdtirol Golfferien\" \/>\n<meta property=\"og:description\" content=\"S\u00fcdtirols Golfhotels entdecken \u2714\ufe0fTop-Service \u2714\ufe0fausgezeichnete K\u00fcche \u2714\ufe0fInsider-Tipps \u2714\ufe0fkostenlose Golfcard f\u00fcr exklusive Rabatte \u26f3Golfferien buchen\" \/>\n<meta property=\"og:url\" content=\"https:\/\/golfinsuedtirol.it\/de\/golfhotels\/partnerhotels\/\" \/>\n<meta property=\"og:site_name\" content=\"Golf in S\u00fcdtirol\" \/>\n<meta property=\"article:modified_time\" content=\"2025-04-02T11:48:15+00:00\" \/>\n<meta property=\"og:image\" content=\"https:\/\/golfinsuedtirol.it\/wp-content\/uploads\/2019\/04\/golfclub-eppan.jpg\" \/>\n\t<meta property=\"og:image:width\" content=\"1920\" \/>\n\t<meta property=\"og:image:height\" content=\"871\" \/>\n\t<meta property=\"og:image:type\" content=\"image\/jpeg\" \/>\n<meta name=\"twitter:card\" content=\"summary_large_image\" \/>\n<script type=\"application\/ld+json\" class=\"yoast-schema-graph\">{\"@context\":\"https:\/\/schema.org\",\"@graph\":[{\"@type\":\"WebPage\",\"@id\":\"https:\/\/golfinsuedtirol.it\/de\/golfhotels\/partnerhotels\/\",\"url\":\"https:\/\/golfinsuedtirol.it\/de\/golfhotels\/partnerhotels\/\",\"name\":\"Golfhotels in S\u00fcdtirol \u269c\ufe0f Resorts & Hotels f\u00fcr S\u00fcdtirol Golfferien\",\"isPartOf\":{\"@id\":\"https:\/\/golfinsuedtirol.it\/de\/#website\"},\"datePublished\":\"2019-03-07T09:01:26+00:00\",\"dateModified\":\"2025-04-02T11:48:15+00:00\",\"description\":\"S\u00fcdtirols Golfhotels entdecken \u2714\ufe0fTop-Service \u2714\ufe0fausgezeichnete K\u00fcche \u2714\ufe0fInsider-Tipps \u2714\ufe0fkostenlose Golfcard f\u00fcr exklusive Rabatte \u26f3Golfferien buchen\",\"breadcrumb\":{\"@id\":\"https:\/\/golfinsuedtirol.it\/de\/golfhotels\/partnerhotels\/#breadcrumb\"},\"inLanguage\":\"de\",\"potentialAction\":[{\"@type\":\"ReadAction\",\"target\":[\"https:\/\/golfinsuedtirol.it\/de\/golfhotels\/partnerhotels\/\"]}]},{\"@type\":\"BreadcrumbList\",\"@id\":\"https:\/\/golfinsuedtirol.it\/de\/golfhotels\/partnerhotels\/#breadcrumb\",\"itemListElement\":[{\"@type\":\"ListItem\",\"position\":1,\"name\":\"Home\",\"item\":\"https:\/\/golfinsuedtirol.it\/de\/\"},{\"@type\":\"ListItem\",\"position\":2,\"name\":\"Golfhotels\",\"item\":\"https:\/\/golfinsuedtirol.it\/de\/golfhotels\/\"},{\"@type\":\"ListItem\",\"position\":3,\"name\":\"Partnerhotels\"}]},{\"@type\":\"WebSite\",\"@id\":\"https:\/\/golfinsuedtirol.it\/de\/#website\",\"url\":\"https:\/\/golfinsuedtirol.it\/de\/\",\"name\":\"Golf in S\u00fcdtirol\",\"description\":\"Golf in S\u00fcdtirol\",\"potentialAction\":[{\"@type\":\"SearchAction\",\"target\":{\"@type\":\"EntryPoint\",\"urlTemplate\":\"https:\/\/golfinsuedtirol.it\/de\/?s={search_term_string}\"},\"query-input\":\"required name=search_term_string\"}],\"inLanguage\":\"de\"}]}<\/script>\n<!-- \/ Yoast SEO plugin. -->","yoast_head_json":{"title":"Golfhotels in S\u00fcdtirol \u269c\ufe0f Resorts & Hotels f\u00fcr S\u00fcdtirol Golfferien","description":"S\u00fcdtirols Golfhotels entdecken \u2714\ufe0fTop-Service \u2714\ufe0fausgezeichnete K\u00fcche \u2714\ufe0fInsider-Tipps \u2714\ufe0fkostenlose Golfcard f\u00fcr exklusive Rabatte \u26f3Golfferien buchen","robots":{"index":"index","follow":"follow","max-snippet":"max-snippet:-1","max-image-preview":"max-image-preview:large","max-video-preview":"max-video-preview:-1"},"canonical":"https:\/\/golfinsuedtirol.it\/de\/golfhotels\/partnerhotels\/","og_locale":"de_DE","og_type":"article","og_title":"Golfhotels in S\u00fcdtirol \u269c\ufe0f Resorts & Hotels f\u00fcr S\u00fcdtirol Golfferien","og_description":"S\u00fcdtirols Golfhotels entdecken \u2714\ufe0fTop-Service \u2714\ufe0fausgezeichnete K\u00fcche \u2714\ufe0fInsider-Tipps \u2714\ufe0fkostenlose Golfcard f\u00fcr exklusive Rabatte \u26f3Golfferien buchen","og_url":"https:\/\/golfinsuedtirol.it\/de\/golfhotels\/partnerhotels\/","og_site_name":"Golf in S\u00fcdtirol","article_modified_time":"2025-04-02T11:48:15+00:00","og_image":[{"width":1920,"height":871,"url":"https:\/\/golfinsuedtirol.it\/wp-content\/uploads\/2019\/04\/golfclub-eppan.jpg","type":"image\/jpeg"}],"twitter_card":"summary_large_image","schema":{"@context":"https:\/\/schema.org","@graph":[{"@type":"WebPage","@id":"https:\/\/golfinsuedtirol.it\/de\/golfhotels\/partnerhotels\/","url":"https:\/\/golfinsuedtirol.it\/de\/golfhotels\/partnerhotels\/","name":"Golfhotels in S\u00fcdtirol \u269c\ufe0f Resorts & Hotels f\u00fcr S\u00fcdtirol Golfferien","isPartOf":{"@id":"https:\/\/golfinsuedtirol.it\/de\/#website"},"datePublished":"2019-03-07T09:01:26+00:00","dateModified":"2025-04-02T11:48:15+00:00","description":"S\u00fcdtirols Golfhotels entdecken \u2714\ufe0fTop-Service \u2714\ufe0fausgezeichnete K\u00fcche \u2714\ufe0fInsider-Tipps \u2714\ufe0fkostenlose Golfcard f\u00fcr exklusive Rabatte \u26f3Golfferien buchen","breadcrumb":{"@id":"https:\/\/golfinsuedtirol.it\/de\/golfhotels\/partnerhotels\/#breadcrumb"},"inLanguage":"de","potentialAction":[{"@type":"ReadAction","target":["https:\/\/golfinsuedtirol.it\/de\/golfhotels\/partnerhotels\/"]}]},{"@type":"BreadcrumbList","@id":"https:\/\/golfinsuedtirol.it\/de\/golfhotels\/partnerhotels\/#breadcrumb","itemListElement":[{"@type":"ListItem","position":1,"name":"Home","item":"https:\/\/golfinsuedtirol.it\/de\/"},{"@type":"ListItem","position":2,"name":"Golfhotels","item":"https:\/\/golfinsuedtirol.it\/de\/golfhotels\/"},{"@type":"ListItem","position":3,"name":"Partnerhotels"}]},{"@type":"WebSite","@id":"https:\/\/golfinsuedtirol.it\/de\/#website","url":"https:\/\/golfinsuedtirol.it\/de\/","name":"Golf in S\u00fcdtirol","description":"Golf in S\u00fcdtirol","potentialAction":[{"@type":"SearchAction","target":{"@type":"EntryPoint","urlTemplate":"https:\/\/golfinsuedtirol.it\/de\/?s={search_term_string}"},"query-input":"required name=search_term_string"}],"inLanguage":"de"}]}},"_links":{"self":[{"href":"https:\/\/golfinsuedtirol.it\/de\/wp-json\/wp\/v2\/pages\/79"}],"collection":[{"href":"https:\/\/golfinsuedtirol.it\/de\/wp-json\/wp\/v2\/pages"}],"about":[{"href":"https:\/\/golfinsuedtirol.it\/de\/wp-json\/wp\/v2\/types\/page"}],"author":[{"embeddable":true,"href":"https:\/\/golfinsuedtirol.it\/de\/wp-json\/wp\/v2\/users\/1"}],"replies":[{"embeddable":true,"href":"https:\/\/golfinsuedtirol.it\/de\/wp-json\/wp\/v2\/comments?post=79"}],"version-history":[{"count":20,"href":"https:\/\/golfinsuedtirol.it\/de\/wp-json\/wp\/v2\/pages\/79\/revisions"}],"predecessor-version":[{"id":4337,"href":"https:\/\/golfinsuedtirol.it\/de\/wp-json\/wp\/v2\/pages\/79\/revisions\/4337"}],"up":[{"embeddable":true,"href":"https:\/\/golfinsuedtirol.it\/de\/wp-json\/wp\/v2\/pages\/69"}],"wp:attachment":[{"href":"https:\/\/golfinsuedtirol.it\/de\/wp-json\/wp\/v2\/media?parent=79"}],"curies":[{"name":"wp","href":"https:\/\/api.w.org\/{rel}","templated":true}]}}