{"id":73,"date":"2019-03-07T09:46:46","date_gmt":"2019-03-07T08:46:46","guid":{"rendered":"http:\/\/golf.test\/?page_id=73"},"modified":"2020-03-30T16:05:38","modified_gmt":"2020-03-30T14:05:38","slug":"golfregion","status":"publish","type":"page","link":"https:\/\/golfinsuedtirol.it\/de\/golfregion\/","title":{"rendered":"Service &#038; News"},"content":{"rendered":"","protected":false},"excerpt":{"rendered":"","protected":false},"author":1,"featured_media":0,"parent":0,"menu_order":3,"comment_status":"closed","ping_status":"closed","template":"landingpage.php","meta":[],"acf":[],"yoast_head":"<!-- This site is optimized with the Yoast SEO plugin v21.8.1 - https:\/\/yoast.com\/wordpress\/plugins\/seo\/ -->\n<title>Alles rund um die Golfregion S\u00fcdtirol!<\/title>\n<meta name=\"description\" content=\"Pl\u00e4tze f\u00fcr jeden Golfer-Geschmack, eine lange Saison dank tollem Klima, Berglagen und Tallagen bietet S\u00fcdtirols Golfwelt \u2013 und alles ganz einfach zu erreichen!\" \/>\n<meta name=\"robots\" content=\"index, follow, max-snippet:-1, max-image-preview:large, max-video-preview:-1\" \/>\n<link rel=\"canonical\" href=\"https:\/\/golfinsuedtirol.it\/de\/golfregion\/\" \/>\n<meta property=\"og:locale\" content=\"de_DE\" \/>\n<meta property=\"og:type\" content=\"article\" \/>\n<meta property=\"og:title\" content=\"Alles rund um die Golfregion S\u00fcdtirol!\" \/>\n<meta property=\"og:description\" content=\"Pl\u00e4tze f\u00fcr jeden Golfer-Geschmack, eine lange Saison dank tollem Klima, Berglagen und Tallagen bietet S\u00fcdtirols Golfwelt \u2013 und alles ganz einfach zu erreichen!\" \/>\n<meta property=\"og:url\" content=\"https:\/\/golfinsuedtirol.it\/de\/golfregion\/\" \/>\n<meta property=\"og:site_name\" content=\"Golf in S\u00fcdtirol\" \/>\n<meta property=\"article:modified_time\" content=\"2020-03-30T14:05:38+00:00\" \/>\n<meta property=\"og:image\" content=\"https:\/\/golfinsuedtirol.it\/wp-content\/uploads\/2019\/04\/golfclub-eppan.jpg\" \/>\n\t<meta property=\"og:image:width\" content=\"1920\" \/>\n\t<meta property=\"og:image:height\" content=\"871\" \/>\n\t<meta property=\"og:image:type\" content=\"image\/jpeg\" \/>\n<meta name=\"twitter:card\" content=\"summary_large_image\" \/>\n<script type=\"application\/ld+json\" class=\"yoast-schema-graph\">{\"@context\":\"https:\/\/schema.org\",\"@graph\":[{\"@type\":\"WebPage\",\"@id\":\"https:\/\/golfinsuedtirol.it\/de\/golfregion\/\",\"url\":\"https:\/\/golfinsuedtirol.it\/de\/golfregion\/\",\"name\":\"Alles rund um die Golfregion S\u00fcdtirol!\",\"isPartOf\":{\"@id\":\"https:\/\/golfinsuedtirol.it\/de\/#website\"},\"datePublished\":\"2019-03-07T08:46:46+00:00\",\"dateModified\":\"2020-03-30T14:05:38+00:00\",\"description\":\"Pl\u00e4tze f\u00fcr jeden Golfer-Geschmack, eine lange Saison dank tollem Klima, Berglagen und Tallagen bietet S\u00fcdtirols Golfwelt \u2013 und alles ganz einfach zu erreichen!\",\"breadcrumb\":{\"@id\":\"https:\/\/golfinsuedtirol.it\/de\/golfregion\/#breadcrumb\"},\"inLanguage\":\"de\",\"potentialAction\":[{\"@type\":\"ReadAction\",\"target\":[\"https:\/\/golfinsuedtirol.it\/de\/golfregion\/\"]}]},{\"@type\":\"BreadcrumbList\",\"@id\":\"https:\/\/golfinsuedtirol.it\/de\/golfregion\/#breadcrumb\",\"itemListElement\":[{\"@type\":\"ListItem\",\"position\":1,\"name\":\"Home\",\"item\":\"https:\/\/golfinsuedtirol.it\/de\/\"},{\"@type\":\"ListItem\",\"position\":2,\"name\":\"Service &#038; News\"}]},{\"@type\":\"WebSite\",\"@id\":\"https:\/\/golfinsuedtirol.it\/de\/#website\",\"url\":\"https:\/\/golfinsuedtirol.it\/de\/\",\"name\":\"Golf in S\u00fcdtirol\",\"description\":\"Golf in S\u00fcdtirol\",\"potentialAction\":[{\"@type\":\"SearchAction\",\"target\":{\"@type\":\"EntryPoint\",\"urlTemplate\":\"https:\/\/golfinsuedtirol.it\/de\/?s={search_term_string}\"},\"query-input\":\"required name=search_term_string\"}],\"inLanguage\":\"de\"}]}<\/script>\n<!-- \/ Yoast SEO plugin. -->","yoast_head_json":{"title":"Alles rund um die Golfregion S\u00fcdtirol!","description":"Pl\u00e4tze f\u00fcr jeden Golfer-Geschmack, eine lange Saison dank tollem Klima, Berglagen und Tallagen bietet S\u00fcdtirols Golfwelt \u2013 und alles ganz einfach zu erreichen!","robots":{"index":"index","follow":"follow","max-snippet":"max-snippet:-1","max-image-preview":"max-image-preview:large","max-video-preview":"max-video-preview:-1"},"canonical":"https:\/\/golfinsuedtirol.it\/de\/golfregion\/","og_locale":"de_DE","og_type":"article","og_title":"Alles rund um die Golfregion S\u00fcdtirol!","og_description":"Pl\u00e4tze f\u00fcr jeden Golfer-Geschmack, eine lange Saison dank tollem Klima, Berglagen und Tallagen bietet S\u00fcdtirols Golfwelt \u2013 und alles ganz einfach zu erreichen!","og_url":"https:\/\/golfinsuedtirol.it\/de\/golfregion\/","og_site_name":"Golf in S\u00fcdtirol","article_modified_time":"2020-03-30T14:05:38+00:00","og_image":[{"width":1920,"height":871,"url":"https:\/\/golfinsuedtirol.it\/wp-content\/uploads\/2019\/04\/golfclub-eppan.jpg","type":"image\/jpeg"}],"twitter_card":"summary_large_image","schema":{"@context":"https:\/\/schema.org","@graph":[{"@type":"WebPage","@id":"https:\/\/golfinsuedtirol.it\/de\/golfregion\/","url":"https:\/\/golfinsuedtirol.it\/de\/golfregion\/","name":"Alles rund um die Golfregion S\u00fcdtirol!","isPartOf":{"@id":"https:\/\/golfinsuedtirol.it\/de\/#website"},"datePublished":"2019-03-07T08:46:46+00:00","dateModified":"2020-03-30T14:05:38+00:00","description":"Pl\u00e4tze f\u00fcr jeden Golfer-Geschmack, eine lange Saison dank tollem Klima, Berglagen und Tallagen bietet S\u00fcdtirols Golfwelt \u2013 und alles ganz einfach zu erreichen!","breadcrumb":{"@id":"https:\/\/golfinsuedtirol.it\/de\/golfregion\/#breadcrumb"},"inLanguage":"de","potentialAction":[{"@type":"ReadAction","target":["https:\/\/golfinsuedtirol.it\/de\/golfregion\/"]}]},{"@type":"BreadcrumbList","@id":"https:\/\/golfinsuedtirol.it\/de\/golfregion\/#breadcrumb","itemListElement":[{"@type":"ListItem","position":1,"name":"Home","item":"https:\/\/golfinsuedtirol.it\/de\/"},{"@type":"ListItem","position":2,"name":"Service &#038; News"}]},{"@type":"WebSite","@id":"https:\/\/golfinsuedtirol.it\/de\/#website","url":"https:\/\/golfinsuedtirol.it\/de\/","name":"Golf in S\u00fcdtirol","description":"Golf in S\u00fcdtirol","potentialAction":[{"@type":"SearchAction","target":{"@type":"EntryPoint","urlTemplate":"https:\/\/golfinsuedtirol.it\/de\/?s={search_term_string}"},"query-input":"required name=search_term_string"}],"inLanguage":"de"}]}},"_links":{"self":[{"href":"https:\/\/golfinsuedtirol.it\/de\/wp-json\/wp\/v2\/pages\/73"}],"collection":[{"href":"https:\/\/golfinsuedtirol.it\/de\/wp-json\/wp\/v2\/pages"}],"about":[{"href":"https:\/\/golfinsuedtirol.it\/de\/wp-json\/wp\/v2\/types\/page"}],"author":[{"embeddable":true,"href":"https:\/\/golfinsuedtirol.it\/de\/wp-json\/wp\/v2\/users\/1"}],"replies":[{"embeddable":true,"href":"https:\/\/golfinsuedtirol.it\/de\/wp-json\/wp\/v2\/comments?post=73"}],"version-history":[{"count":14,"href":"https:\/\/golfinsuedtirol.it\/de\/wp-json\/wp\/v2\/pages\/73\/revisions"}],"predecessor-version":[{"id":2642,"href":"https:\/\/golfinsuedtirol.it\/de\/wp-json\/wp\/v2\/pages\/73\/revisions\/2642"}],"wp:attachment":[{"href":"https:\/\/golfinsuedtirol.it\/de\/wp-json\/wp\/v2\/media?parent=73"}],"curies":[{"name":"wp","href":"https:\/\/api.w.org\/{rel}","templated":true}]}}